{"id":4427,"date":"2024-10-25T10:09:55","date_gmt":"2024-10-25T10:09:55","guid":{"rendered":"https:\/\/iuvare-campus.com\/?page_id=4427"},"modified":"2026-03-11T12:16:07","modified_gmt":"2026-03-11T12:16:07","slug":"leitbild","status":"publish","type":"page","link":"https:\/\/iuvare-campus.com\/de\/leitbild","title":{"rendered":"Leitbild"},"content":{"rendered":"<p>[et_pb_section fb_built=&#8221;1&#8243; fullwidth=&#8221;on&#8221; admin_label=&#8221;Hero&#8221; _builder_version=&#8221;4.26.0&#8243; background_color=&#8221;#2d2d2d&#8221; use_background_color_gradient=&#8221;on&#8221; background_color_gradient_direction=&#8221;140deg&#8221; background_color_gradient_stops=&#8221;rgba(25,36,45,0.7) 0%|#19242d 100%&#8221; background_color_gradient_overlays_image=&#8221;on&#8221; background_color_gradient_start=&#8221;rgba(25,36,45,0.7)&#8221; background_color_gradient_end=&#8221;#19242d&#8221; background_image=&#8221;https:\/\/iuvare-campus.com\/wp-content\/uploads\/2022\/10\/Campus-FB.jpg&#8221; custom_padding=&#8221;||||true&#8221; global_colors_info=&#8221;{}&#8221;][et_pb_fullwidth_header title=&#8221;Unser Leitbild&#8221; text_orientation=&#8221;center&#8221; _builder_version=&#8221;4.27.0&#8243; title_font=&#8221;Oswald|500|||||||&#8221; title_font_size=&#8221;56px&#8221; title_line_height=&#8221;1.4em&#8221; content_font=&#8221;||||||||&#8221; content_font_size=&#8221;18px&#8221; content_line_height=&#8221;2em&#8221; background_color=&#8221;rgba(0,0,0,0)&#8221; custom_button_one=&#8221;on&#8221; button_one_text_size=&#8221;16px&#8221; button_one_text_color=&#8221;#ffffff&#8221; button_one_bg_color=&#8221;#e0aa25&#8243; button_one_border_width=&#8221;8px&#8221; button_one_border_color=&#8221;rgba(0,0,0,0)&#8221; button_one_border_radius=&#8221;0px&#8221; button_one_letter_spacing=&#8221;3px&#8221; button_one_font=&#8221;Montserrat|||on|||||&#8221; button_one_use_icon=&#8221;off&#8221; custom_button_two=&#8221;on&#8221; button_two_text_size=&#8221;16px&#8221; button_two_text_color=&#8221;#ffffff&#8221; button_two_bg_color=&#8221;#e0aa25&#8243; button_two_border_width=&#8221;8px&#8221; button_two_border_color=&#8221;rgba(0,0,0,0)&#8221; button_two_border_radius=&#8221;0px&#8221; button_two_letter_spacing=&#8221;3px&#8221; button_two_font=&#8221;Montserrat|||on|||||&#8221; button_two_use_icon=&#8221;off&#8221; custom_padding=&#8221;||80px||false&#8221; title_font_size_tablet=&#8221;46px&#8221; title_font_size_phone=&#8221;36px&#8221; title_font_size_last_edited=&#8221;on|phone&#8221; content_font_size_tablet=&#8221;&#8221; content_font_size_phone=&#8221;15px&#8221; content_font_size_last_edited=&#8221;on|phone&#8221; button_one_border_radius_hover=&#8221;0px&#8221; button_two_border_radius_hover=&#8221;0px&#8221; button_one_letter_spacing_hover=&#8221;3px&#8221; button_two_letter_spacing_hover=&#8221;3px&#8221; button_one_bg_color_hover=&#8221;rgba(193,62,51,0.9)&#8221; button_two_bg_color_hover=&#8221;rgba(193,62,51,0.9)&#8221; global_colors_info=&#8221;{}&#8221; button_one_text_size__hover_enabled=&#8221;off&#8221; button_two_text_size__hover_enabled=&#8221;off&#8221; button_one_text_color__hover_enabled=&#8221;off&#8221; button_two_text_color__hover_enabled=&#8221;off&#8221; button_one_border_width__hover_enabled=&#8221;off&#8221; button_two_border_width__hover_enabled=&#8221;off&#8221; button_one_border_color__hover_enabled=&#8221;off&#8221; button_two_border_color__hover_enabled=&#8221;off&#8221; button_one_border_radius__hover_enabled=&#8221;on&#8221; button_one_border_radius__hover=&#8221;0px&#8221; button_two_border_radius__hover_enabled=&#8221;on&#8221; button_two_border_radius__hover=&#8221;0px&#8221; button_one_letter_spacing__hover_enabled=&#8221;on&#8221; button_one_letter_spacing__hover=&#8221;3px&#8221; button_two_letter_spacing__hover_enabled=&#8221;on&#8221; button_two_letter_spacing__hover=&#8221;3px&#8221; button_one_bg_color__hover_enabled=&#8221;on&#8221; button_one_bg_color__hover=&#8221;rgba(193,62,51,0.9)&#8221; button_two_bg_color__hover_enabled=&#8221;on&#8221; button_two_bg_color__hover=&#8221;rgba(193,62,51,0.9)&#8221;][\/et_pb_fullwidth_header][\/et_pb_section][et_pb_section fb_built=&#8221;1&#8243; admin_label=&#8221;Blog Section&#8221; _builder_version=&#8221;4.16&#8243; custom_padding=&#8221;50.625px|0px|140px|0px|false|false&#8221; global_colors_info=&#8221;{}&#8221;][et_pb_row _builder_version=&#8221;4.27.0&#8243; _module_preset=&#8221;default&#8221; global_colors_info=&#8221;{}&#8221;][et_pb_column type=&#8221;4_4&#8243; _builder_version=&#8221;4.27.0&#8243; _module_preset=&#8221;default&#8221; global_colors_info=&#8221;{}&#8221;][et_pb_text _builder_version=&#8221;4.27.0&#8243; _module_preset=&#8221;default&#8221; global_colors_info=&#8221;{}&#8221;]<\/p>\n<section class=\"av_textblock_section \" itemscope=\"itemscope\" itemtype=\"https:\/\/schema.org\/CreativeWork\">\n<div class=\"avia_textblock  \" itemprop=\"text\">\n<h2 style=\"text-align: center;\"><strong>Leitbild der Iuvare PflegeCampus GmbH<\/strong><\/h2>\n<p style=\"text-align: center;\">\n<p style=\"text-align: center;\">Fassung vom 24.01.2025<strong><\/strong><\/p>\n<\/div>\n<\/section>\n<section class=\"av_textblock_section \" itemscope=\"itemscope\" itemtype=\"https:\/\/schema.org\/CreativeWork\">\n<div class=\"avia_textblock  \" itemprop=\"text\">\n<p style=\"text-align: center;\">\n<p style=\"text-align: center;\">\n<p style=\"text-align: center;\">\n<\/div>\n<\/section>\n<div class=\"hr hr-invisible   avia-builder-el-4  el_after_av_textblock  el_before_av_textblock \" style=\"text-align: center;\">\n<p><strong>Die Iuvare PflegeCampus GmbH steht f\u00fcr Bedarfs- und kundenorientierte Bildungsma\u00dfnahmen und garantiert Qualit\u00e4t in der Bildung.<\/strong><\/p>\n<p>Um unabh\u00e4ngig von den ausf\u00fchrenden Personen gleichbleibend gute Dienstleistungen anbieten zu k\u00f6nnen, verpflichten wir uns zur Einhaltung der nachfolgenden Grunds\u00e4tze.<\/p>\n<p>Das Leitbild wird intern \u00fcber Aush\u00e4nge kommuniziert und extern \u00fcber die Website.<\/p>\n<h3><\/h3>\n<h3>Kundenorientierung<\/h3>\n<p>Als Kunden werden von uns alle interessierten Parteien verstanden, dazu geh\u00f6ren die Teilnehmer, aber auch die auftraggebenden Unternehmen, die ein Interesse am Erwerb der Anerkennung zur Pflegefachkraft in Deutschland haben oder die Qualit\u00e4t der Pflege innerhalb ihres Unternehmens steigern wollen, sowie die Kostentr\u00e4ger. Aufgrund des Pflegefachkr\u00e4ftemangels in Deutschland bestehen sowohl ein gesamtwirtschaftliches als auch ein politisches Interesse an der Gewinnung von Pflegefachkr\u00e4ften f\u00fcr den deutschen Arbeitsmarkt. Auch f\u00fcr die Bundesagentur f\u00fcr Arbeit ist dieses Projekt aufgrund der Gewinnung von bzw. Qualifizierung zu Fachkr\u00e4ften von Interesse.<\/p>\n<p>In diesem Zusammenhang wird, im Rahmen der vorhandenen Vorgehensweisen und Prozesse, gepr\u00fcft, ob die Forderungen und Erwartungen, die der Kunde an uns stellt, mit den vorhandenen Ressourcen (Equipment, Medien, Dozenten) erf\u00fcllt werden k\u00f6nnen. Dies versuchen wir durch eine stete Beobachtung der Prozesse im Rahmen von internen Audits und der \u00dcberwachung der t\u00e4glichen Erledigung von anfallenden Aufgaben aufrechterhalten und zu f\u00f6rdern.<\/p>\n<p>Die Zielsetzungen, die hieraus erwachsen, sind u.a. die nachhaltige Erh\u00f6hung der Kundenzufriedenheit und Bestehensquote der Kenntnispr\u00fcfung am Ende des Vorbereitungskurses.<\/p>\n<p>&nbsp;<\/p>\n<h3>Personal<\/h3>\n<p>Wir setzen qualifiziertes Personal in Leitung, Unterricht und Verwaltung ein, sowie qualifizierte Lehrende. F\u00fcr unser Personal wird eine laufende fachliche Fortbildung durchgef\u00fchrt.<\/p>\n<p>&nbsp;<\/p>\n<h3>Bildungsangebot<\/h3>\n<p>Potenzielle Teilnehmer erhalten von uns eindeutige Aussagen und Informationen zu allem relevanten. Sie werden von uns pers\u00f6nlich gecoacht und beraten, um eine teilnehmerorientierte und sachgerechte Entwicklung zu erm\u00f6glichen. Die Zusammenarbeit und der Unterricht innerhalb der Schulungsr\u00e4ume sind individuell und auf die Teilnehmer und die Methodenvielfalt ausgerichtet. Qualifizierte und individuelle Bildungsma\u00dfnahmen sichern den Unterrichtserfolg.<\/p>\n<p>&nbsp;<\/p>\n<h3>Teilnehmer<\/h3>\n<p>Unsere Werbeaussagen sind wahrheitsgem\u00e4\u00df und seri\u00f6s. Bei unseren Bildungsma\u00dfnahmen herrscht Transparenz in Bezug auf: Zielsetzung, Teilnahmevoraussetzungen, Teilnahmebedingungen, Dauer, Ort, Preis, Zahl der Unterrichtsstunden, eingesetzte Methoden, Gesch\u00e4ftsbedingungen. Bei der Entwicklung unserer Bildungsangebote nach dem SGB III ber\u00fccksichtigen wir die Lage und die Entwicklung des Arbeitsmarktes und unterst\u00fctzen die Teilnehmer und Teilnehmerinnen beim Erwerb der Anerkennung und der Eingliederung in den Arbeitsmarkt.<\/p>\n<\/div>\n<p>[\/et_pb_text][\/et_pb_column][\/et_pb_row][\/et_pb_section]<\/p>\n","protected":false},"excerpt":{"rendered":"<p>Leitbild der Iuvare PflegeCampus GmbH Fassung vom 24.01.2025 Die Iuvare PflegeCampus GmbH steht f\u00fcr Bedarfs- und kundenorientierte Bildungsma\u00dfnahmen und garantiert Qualit\u00e4t in der Bildung. Um unabh\u00e4ngig von den ausf\u00fchrenden Personen gleichbleibend gute Dienstleistungen anbieten zu k\u00f6nnen, verpflichten wir uns zur Einhaltung der nachfolgenden Grunds\u00e4tze. Das Leitbild wird intern \u00fcber Aush\u00e4nge kommuniziert und extern \u00fcber die [&hellip;]<\/p>\n","protected":false},"author":1,"featured_media":0,"parent":0,"menu_order":0,"comment_status":"closed","ping_status":"closed","template":"","meta":{"_et_pb_use_builder":"on","_et_pb_old_content":"","_et_gb_content_width":""},"yoast_head":"<!-- This site is optimized with the Yoast SEO plugin v20.6 - https:\/\/yoast.com\/wordpress\/plugins\/seo\/ -->\n<title>Leitbild - Iuvare nursering campus Germany<\/title>\n<meta name=\"robots\" content=\"index, follow, max-snippet:-1, max-image-preview:large, max-video-preview:-1\" \/>\n<link rel=\"canonical\" href=\"https:\/\/iuvare-campus.com\/de\/leitbild\" \/>\n<meta property=\"og:locale\" content=\"de_DE\" \/>\n<meta property=\"og:type\" content=\"article\" \/>\n<meta property=\"og:title\" content=\"Leitbild - Iuvare nursering campus Germany\" \/>\n<meta property=\"og:description\" content=\"Leitbild der Iuvare PflegeCampus GmbH Fassung vom 24.01.2025 Die Iuvare PflegeCampus GmbH steht f\u00fcr Bedarfs- und kundenorientierte Bildungsma\u00dfnahmen und garantiert Qualit\u00e4t in der Bildung. Um unabh\u00e4ngig von den ausf\u00fchrenden Personen gleichbleibend gute Dienstleistungen anbieten zu k\u00f6nnen, verpflichten wir uns zur Einhaltung der nachfolgenden Grunds\u00e4tze. Das Leitbild wird intern \u00fcber Aush\u00e4nge kommuniziert und extern \u00fcber die [&hellip;]\" \/>\n<meta property=\"og:url\" content=\"https:\/\/iuvare-campus.com\/de\/leitbild\" \/>\n<meta property=\"og:site_name\" content=\"Iuvare nursering campus Germany\" \/>\n<meta property=\"article:modified_time\" content=\"2026-03-11T12:16:07+00:00\" \/>\n<meta name=\"twitter:card\" content=\"summary_large_image\" \/>\n<script type=\"application\/ld+json\" class=\"yoast-schema-graph\">{\"@context\":\"https:\/\/schema.org\",\"@graph\":[{\"@type\":\"WebPage\",\"@id\":\"https:\/\/iuvare-campus.com\/de\/leitbild\",\"url\":\"https:\/\/iuvare-campus.com\/de\/leitbild\",\"name\":\"Leitbild - Iuvare nursering campus Germany\",\"isPartOf\":{\"@id\":\"https:\/\/iuvare-campus.com\/#website\"},\"datePublished\":\"2024-10-25T10:09:55+00:00\",\"dateModified\":\"2026-03-11T12:16:07+00:00\",\"breadcrumb\":{\"@id\":\"https:\/\/iuvare-campus.com\/de\/leitbild#breadcrumb\"},\"inLanguage\":\"de-DE\",\"potentialAction\":[{\"@type\":\"ReadAction\",\"target\":[\"https:\/\/iuvare-campus.com\/de\/leitbild\"]}]},{\"@type\":\"BreadcrumbList\",\"@id\":\"https:\/\/iuvare-campus.com\/de\/leitbild#breadcrumb\",\"itemListElement\":[{\"@type\":\"ListItem\",\"position\":1,\"name\":\"Startseite\",\"item\":\"https:\/\/iuvare-campus.com\/\"},{\"@type\":\"ListItem\",\"position\":2,\"name\":\"Leitbild\"}]},{\"@type\":\"WebSite\",\"@id\":\"https:\/\/iuvare-campus.com\/#website\",\"url\":\"https:\/\/iuvare-campus.com\/\",\"name\":\"Iuvare nursering campus Germany\",\"description\":\"Career as a general nurse in germany\",\"potentialAction\":[{\"@type\":\"SearchAction\",\"target\":{\"@type\":\"EntryPoint\",\"urlTemplate\":\"https:\/\/iuvare-campus.com\/?s={search_term_string}\"},\"query-input\":\"required name=search_term_string\"}],\"inLanguage\":\"de-DE\"}]}<\/script>\n<!-- \/ Yoast SEO plugin. -->","yoast_head_json":{"title":"Leitbild - Iuvare nursering campus Germany","robots":{"index":"index","follow":"follow","max-snippet":"max-snippet:-1","max-image-preview":"max-image-preview:large","max-video-preview":"max-video-preview:-1"},"canonical":"https:\/\/iuvare-campus.com\/de\/leitbild","og_locale":"de_DE","og_type":"article","og_title":"Leitbild - Iuvare nursering campus Germany","og_description":"Leitbild der Iuvare PflegeCampus GmbH Fassung vom 24.01.2025 Die Iuvare PflegeCampus GmbH steht f\u00fcr Bedarfs- und kundenorientierte Bildungsma\u00dfnahmen und garantiert Qualit\u00e4t in der Bildung. Um unabh\u00e4ngig von den ausf\u00fchrenden Personen gleichbleibend gute Dienstleistungen anbieten zu k\u00f6nnen, verpflichten wir uns zur Einhaltung der nachfolgenden Grunds\u00e4tze. Das Leitbild wird intern \u00fcber Aush\u00e4nge kommuniziert und extern \u00fcber die [&hellip;]","og_url":"https:\/\/iuvare-campus.com\/de\/leitbild","og_site_name":"Iuvare nursering campus Germany","article_modified_time":"2026-03-11T12:16:07+00:00","twitter_card":"summary_large_image","schema":{"@context":"https:\/\/schema.org","@graph":[{"@type":"WebPage","@id":"https:\/\/iuvare-campus.com\/de\/leitbild","url":"https:\/\/iuvare-campus.com\/de\/leitbild","name":"Leitbild - Iuvare nursering campus Germany","isPartOf":{"@id":"https:\/\/iuvare-campus.com\/#website"},"datePublished":"2024-10-25T10:09:55+00:00","dateModified":"2026-03-11T12:16:07+00:00","breadcrumb":{"@id":"https:\/\/iuvare-campus.com\/de\/leitbild#breadcrumb"},"inLanguage":"de-DE","potentialAction":[{"@type":"ReadAction","target":["https:\/\/iuvare-campus.com\/de\/leitbild"]}]},{"@type":"BreadcrumbList","@id":"https:\/\/iuvare-campus.com\/de\/leitbild#breadcrumb","itemListElement":[{"@type":"ListItem","position":1,"name":"Startseite","item":"https:\/\/iuvare-campus.com\/"},{"@type":"ListItem","position":2,"name":"Leitbild"}]},{"@type":"WebSite","@id":"https:\/\/iuvare-campus.com\/#website","url":"https:\/\/iuvare-campus.com\/","name":"Iuvare nursering campus Germany","description":"Career as a general nurse in germany","potentialAction":[{"@type":"SearchAction","target":{"@type":"EntryPoint","urlTemplate":"https:\/\/iuvare-campus.com\/?s={search_term_string}"},"query-input":"required name=search_term_string"}],"inLanguage":"de-DE"}]}},"_links":{"self":[{"href":"https:\/\/iuvare-campus.com\/de\/wp-json\/wp\/v2\/pages\/4427"}],"collection":[{"href":"https:\/\/iuvare-campus.com\/de\/wp-json\/wp\/v2\/pages"}],"about":[{"href":"https:\/\/iuvare-campus.com\/de\/wp-json\/wp\/v2\/types\/page"}],"author":[{"embeddable":true,"href":"https:\/\/iuvare-campus.com\/de\/wp-json\/wp\/v2\/users\/1"}],"replies":[{"embeddable":true,"href":"https:\/\/iuvare-campus.com\/de\/wp-json\/wp\/v2\/comments?post=4427"}],"version-history":[{"count":12,"href":"https:\/\/iuvare-campus.com\/de\/wp-json\/wp\/v2\/pages\/4427\/revisions"}],"predecessor-version":[{"id":4730,"href":"https:\/\/iuvare-campus.com\/de\/wp-json\/wp\/v2\/pages\/4427\/revisions\/4730"}],"wp:attachment":[{"href":"https:\/\/iuvare-campus.com\/de\/wp-json\/wp\/v2\/media?parent=4427"}],"curies":[{"name":"wp","href":"https:\/\/api.w.org\/{rel}","templated":true}]}}