{"id":81,"date":"2021-10-20T14:48:52","date_gmt":"2021-10-20T14:48:52","guid":{"rendered":"http:\/\/iuvare-campus.com\/?page_id=81"},"modified":"2024-09-16T08:27:00","modified_gmt":"2024-09-16T08:27:00","slug":"pflegecampus","status":"publish","type":"page","link":"https:\/\/iuvare-campus.com\/de\/pflegecampus","title":{"rendered":"PflegeCampus"},"content":{"rendered":"<p>[et_pb_section fb_built=&#8221;1&#8243; fullwidth=&#8221;on&#8221; admin_label=&#8221;Hero&#8221; _builder_version=&#8221;4.27.0&#8243; background_color=&#8221;#2d2d2d&#8221; use_background_color_gradient=&#8221;on&#8221; background_color_gradient_direction=&#8221;140deg&#8221; background_color_gradient_stops=&#8221;rgba(25,36,45,0.7) 0%|#19242d 100%&#8221; background_color_gradient_overlays_image=&#8221;on&#8221; background_color_gradient_start=&#8221;rgba(25,36,45,0.7)&#8221; background_color_gradient_end=&#8221;#19242d&#8221; background_image=&#8221;https:\/\/iuvare-campus.com\/wp-content\/uploads\/2024\/09\/750e47af-9b27-4021-99b0-31e9d87b008b.jpg&#8221; hover_enabled=&#8221;0&#8243; global_colors_info=&#8221;{}&#8221; title_text=&#8221;750e47af-9b27-4021-99b0-31e9d87b008b&#8221; sticky_enabled=&#8221;0&#8243;][et_pb_fullwidth_header title=&#8221;Willkommen auf dem PflegeCampus&#8221; text_orientation=&#8221;center&#8221; button_one_text=&#8221;Jetzt bewerben&#8221; button_one_url=&#8221;https:\/\/iuvare-campus.com\/#apply&#8221; _builder_version=&#8221;4.16&#8243; title_font=&#8221;Oswald|500|||||||&#8221; title_font_size=&#8221;56px&#8221; title_line_height=&#8221;1.4em&#8221; content_font=&#8221;||||||||&#8221; content_font_size=&#8221;18px&#8221; content_line_height=&#8221;2em&#8221; background_color=&#8221;rgba(0,0,0,0)&#8221; custom_button_one=&#8221;on&#8221; button_one_text_size=&#8221;16px&#8221; button_one_text_color=&#8221;#ffffff&#8221; button_one_bg_color=&#8221;#d1e51b&#8221; button_one_border_width=&#8221;8px&#8221; button_one_border_color=&#8221;rgba(0,0,0,0)&#8221; button_one_border_radius=&#8221;0px&#8221; button_one_letter_spacing=&#8221;3px&#8221; button_one_font=&#8221;Montserrat|||on|||||&#8221; button_one_use_icon=&#8221;off&#8221; custom_button_two=&#8221;on&#8221; button_two_text_size=&#8221;16px&#8221; button_two_text_color=&#8221;#ffffff&#8221; button_two_bg_color=&#8221;#e0aa25&#8243; button_two_border_width=&#8221;8px&#8221; button_two_border_color=&#8221;rgba(0,0,0,0)&#8221; button_two_border_radius=&#8221;0px&#8221; button_two_letter_spacing=&#8221;3px&#8221; button_two_font=&#8221;Montserrat|||on|||||&#8221; button_two_use_icon=&#8221;off&#8221; custom_margin=&#8221;|||&#8221; custom_padding=&#8221;||12vw||false|&#8221; title_font_size_tablet=&#8221;46px&#8221; title_font_size_phone=&#8221;36px&#8221; title_font_size_last_edited=&#8221;on|phone&#8221; content_font_size_tablet=&#8221;&#8221; content_font_size_phone=&#8221;15px&#8221; content_font_size_last_edited=&#8221;on|phone&#8221; button_one_border_radius_hover=&#8221;0px&#8221; button_two_border_radius_hover=&#8221;0px&#8221; button_one_letter_spacing_hover=&#8221;3px&#8221; button_two_letter_spacing_hover=&#8221;3px&#8221; button_one_bg_color_hover=&#8221;rgba(193,62,51,0.9)&#8221; button_two_bg_color_hover=&#8221;rgba(193,62,51,0.9)&#8221; global_colors_info=&#8221;{}&#8221; button_one_text_size__hover_enabled=&#8221;off&#8221; button_two_text_size__hover_enabled=&#8221;off&#8221; button_one_text_color__hover_enabled=&#8221;off&#8221; button_two_text_color__hover_enabled=&#8221;off&#8221; button_one_border_width__hover_enabled=&#8221;off&#8221; button_two_border_width__hover_enabled=&#8221;off&#8221; button_one_border_color__hover_enabled=&#8221;off&#8221; button_two_border_color__hover_enabled=&#8221;off&#8221; button_one_border_radius__hover_enabled=&#8221;on&#8221; button_one_border_radius__hover=&#8221;0px&#8221; button_two_border_radius__hover_enabled=&#8221;on&#8221; button_two_border_radius__hover=&#8221;0px&#8221; button_one_letter_spacing__hover_enabled=&#8221;on&#8221; button_one_letter_spacing__hover=&#8221;3px&#8221; button_two_letter_spacing__hover_enabled=&#8221;on&#8221; button_two_letter_spacing__hover=&#8221;3px&#8221; button_one_bg_color__hover_enabled=&#8221;on&#8221; button_one_bg_color__hover=&#8221;rgba(193,62,51,0.9)&#8221; button_two_bg_color__hover_enabled=&#8221;on&#8221; button_two_bg_color__hover=&#8221;rgba(193,62,51,0.9)&#8221;]<\/p>\n<p>Lernen und leben auf dem Iuvare PflegeCampus &#8211; <br \/>Deutschlands 1. Internat f\u00fcr Pflegefachkr\u00e4fte aus dem Ausland.<\/p>\n<p>[\/et_pb_fullwidth_header][\/et_pb_section][et_pb_section fb_built=&#8221;1&#8243; admin_label=&#8221;Pricing&#8221; _builder_version=&#8221;4.16&#8243; background_color=&#8221;#f7f7f7&#8243; custom_padding=&#8221;60px|0px|140px|0px|false|false&#8221; animation_style=&#8221;fold&#8221; animation_direction=&#8221;top&#8221; animation_intensity_fold=&#8221;20%&#8221; global_colors_info=&#8221;{}&#8221;][et_pb_row _builder_version=&#8221;4.16&#8243; background_color=&#8221;#d1e51b&#8221; custom_margin=&#8221;-10vw|||&#8221; custom_margin_tablet=&#8221;0vw|||&#8221; custom_padding=&#8221;60px|6%||6%|false|true&#8221; custom_padding_tablet=&#8221;|10%||10%||true&#8221; global_colors_info=&#8221;{}&#8221;][et_pb_column type=&#8221;4_4&#8243; _builder_version=&#8221;4.16&#8243; custom_padding=&#8221;|||&#8221; global_colors_info=&#8221;{}&#8221; custom_padding__hover=&#8221;|||&#8221;][et_pb_text _builder_version=&#8221;4.16&#8243; text_font=&#8221;||||||||&#8221; text_font_size=&#8221;18px&#8221; text_line_height=&#8221;2em&#8221; header_font=&#8221;||||||||&#8221; header_2_font=&#8221;Oswald|500|||||||&#8221; header_2_font_size=&#8221;46px&#8221; header_2_line_height=&#8221;1.4em&#8221; text_orientation=&#8221;center&#8221; background_layout=&#8221;dark&#8221; max_width=&#8221;700px&#8221; module_alignment=&#8221;center&#8221; text_font_size_tablet=&#8221;&#8221; text_font_size_phone=&#8221;15px&#8221; text_font_size_last_edited=&#8221;on|phone&#8221; header_2_font_size_tablet=&#8221;46px&#8221; header_2_font_size_phone=&#8221;36px&#8221; header_2_font_size_last_edited=&#8221;on|phone&#8221; global_colors_info=&#8221;{}&#8221;]<\/p>\n<h2>Auf drei Ebenen findest Du Zimmer, K\u00fcche, Klassenzimmer, uvm.<\/h2>\n<p>[\/et_pb_text][\/et_pb_column][\/et_pb_row][\/et_pb_section][et_pb_section fb_built=&#8221;1&#8243; admin_label=&#8221;Tab Section&#8221; _builder_version=&#8221;4.16&#8243; custom_padding=&#8221;0px|||&#8221; global_colors_info=&#8221;{}&#8221;][et_pb_row _builder_version=&#8221;4.16&#8243; custom_padding=&#8221;0|0px|0px|0px|false|false&#8221; animation_style=&#8221;slide&#8221; animation_direction=&#8221;left&#8221; animation_intensity_slide=&#8221;10%&#8221; global_colors_info=&#8221;{}&#8221;][et_pb_column type=&#8221;4_4&#8243; _builder_version=&#8221;4.16&#8243; custom_padding=&#8221;|||&#8221; global_colors_info=&#8221;{}&#8221; custom_padding__hover=&#8221;|||&#8221;][et_pb_tabs active_tab_background_color=&#8221;#ffffff&#8221; inactive_tab_background_color=&#8221;#f7f7f7&#8243; _builder_version=&#8221;4.26.0&#8243; body_font=&#8221;||||||||&#8221; body_font_size=&#8221;18px&#8221; body_line_height=&#8221;2em&#8221; tab_font=&#8221;Oswald|600||on|||||&#8221; tab_font_size=&#8221;18px&#8221; tab_line_height=&#8221;60px&#8221; custom_margin=&#8221;-68px|||&#8221; custom_padding=&#8221;|0px||0px||true&#8221; body_font_size_tablet=&#8221;&#8221; body_font_size_phone=&#8221;15px&#8221; body_font_size_last_edited=&#8221;on|phone&#8221; custom_css_tab=&#8221;border: none;&#8221; border_width_all=&#8221;0px&#8221; global_colors_info=&#8221;{}&#8221;][et_pb_tab title=&#8221;Lehr- u. Aufenthaltstrakt EG&#8221; _builder_version=&#8221;4.26.0&#8243; global_colors_info=&#8221;{}&#8221;]<\/p>\n<p><span>Das Herzst\u00fcck des Iuvare PflegeCampus befindet sich im Erdgeschoss des Geb\u00e4udes. Dieses gliedert sich in einen Lehrtrakt sowie einen Gemeinschafts- und Wohntrakt. Der Schulungsbereich besteht aus drei gro\u00dfen Klassenzimmern und einem Praxisraum, in denen der theoretische Unterricht der Vorbereitungskurse auf die Kenntnispr\u00fcfung abgehalten wird und die Sch\u00fclerinnen und Sch\u00fcler die deutsche Sprache erlernen und festigen.<\/span><\/p>\n<p><img loading=\"lazy\" src=\"https:\/\/iuvare-campus.com\/wp-content\/uploads\/2024\/07\/20220908_125032-300x225.jpg\" width=\"300\" height=\"225\" alt=\"\" class=\"wp-image-3735 alignnone size-medium\" \/> <img loading=\"lazy\" src=\"https:\/\/iuvare-campus.com\/wp-content\/uploads\/2024\/07\/20220908_124949-300x225.jpg\" width=\"300\" height=\"225\" alt=\"\" class=\"wp-image-3731 alignnone size-medium\" \/> <img loading=\"lazy\" src=\"https:\/\/iuvare-campus.com\/wp-content\/uploads\/2024\/07\/IMG-20220613-WA0016-300x225.jpg\" width=\"300\" height=\"225\" alt=\"\" class=\"wp-image-3739 alignnone size-medium\" \/> \u00a0<img loading=\"lazy\" src=\"https:\/\/iuvare-campus.com\/wp-content\/uploads\/2024\/07\/20220203_115539-300x225.jpg\" width=\"300\" height=\"225\" alt=\"\" class=\"wp-image-3747 alignnone size-medium\" \/><img loading=\"lazy\" src=\"https:\/\/iuvare-campus.com\/wp-content\/uploads\/2024\/08\/Klassenraum-4-300x225.jpeg\" width=\"300\" height=\"225\" alt=\"\" class=\"wp-image-4095 alignnone size-medium\" \/><\/p>\n<p>[\/et_pb_tab][et_pb_tab title=&#8221;Wohntrakt EG&#8221; _builder_version=&#8221;4.26.0&#8243; global_colors_info=&#8221;{}&#8221;]<\/p>\n<p><span>Der Wohnbereich dieser Ebene bietet Platz f\u00fcr insgesamt 12 Bewohner, wobei zehn Einzelzimmer und ein Doppelzimmer vorhanden sind. Es stehen allein f\u00fcr den Wohnraum des Erdgeschosses vier B\u00e4der und ein zus\u00e4tzliches WC zur Verf\u00fcgung, sodass auch hier wieder die Aufteilung in drei Personen pro Bad Anwendung findet. Es ist eine gro\u00dfe K\u00fcche mit mehreren Sp\u00fclen und \u00d6fen sowie zahlreichen Sitzm\u00f6glichkeiten vorhanden. Zus\u00e4tzlich soll t\u00e4glich eine warme Mahlzeit f\u00fcr jeden Sch\u00fcler angeliefert werden, die hier zusammen zu sich genommen werden kann. Au\u00dferdem finden sich hier noch ein Verwaltungsraum, drei Abstellr\u00e4ume, jeweils ein gro\u00dfes Damen- und Herren WC sowie ein Aufenthaltsraum f\u00fcr die Lehrer.<\/span><\/p>\n<p><img loading=\"lazy\" src=\"https:\/\/iuvare-campus.com\/wp-content\/uploads\/2024\/07\/20220203_115539-1-300x225.jpg\" width=\"300\" height=\"225\" alt=\"\" class=\"wp-image-3755 alignnone size-medium\" \/> <img loading=\"lazy\" src=\"https:\/\/iuvare-campus.com\/wp-content\/uploads\/2024\/07\/20220316_133055-300x225.jpg\" width=\"300\" height=\"225\" alt=\"\" class=\"wp-image-3759 alignnone size-medium\" \/> <img loading=\"lazy\" src=\"https:\/\/iuvare-campus.com\/wp-content\/uploads\/2024\/07\/20220316_133233-300x225.jpg\" width=\"300\" height=\"225\" alt=\"\" class=\"wp-image-3763 alignnone size-medium\" \/> <img loading=\"lazy\" src=\"https:\/\/iuvare-campus.com\/wp-content\/uploads\/2024\/07\/Einzelzimmer-225x300.jpg\" width=\"225\" height=\"300\" alt=\"\" class=\"wp-image-3767 alignnone size-medium\" \/><\/p>\n<p>&nbsp;<\/p>\n<p>[\/et_pb_tab][et_pb_tab title=&#8221;Obergeschoss&#8221; _builder_version=&#8221;4.26.0&#8243; global_colors_info=&#8221;{}&#8221;]<\/p>\n<p><span>Das Obergeschoss setzt sich zusammen aus 13 Schlafr\u00e4umen, f\u00fcnf B\u00e4dern und zwei zus\u00e4tzlichen WCs. Die Schlafr\u00e4ume auf dieser Ebene setzen sich zusammen aus 10 Einzelzimmern und 3 Doppelzimmern. Die Aufteilung wurde von uns bewusst so gew\u00e4hlt, um jedem unserer Besucher die gr\u00f6\u00dftm\u00f6gliche Privatsph\u00e4re zu erm\u00f6glichen. Da unsere Erfahrungen aber auch zeigen, dass sich viele Paare im Ausland dazu entschlie\u00dfen, diesen Schritt gemeinsam zu gehen und in Deutschland eine anerkannte Pflegefachkraft zu werden, halten wir im Obergeschoss drei Doppelzimmer vor, um die Paare nicht voneinander zu trennen. Bei voller Auslastung k\u00f6nnen hier somit 16 Sch\u00fclerinnen und Sch\u00fcler unterkommen, die sich im Schnitt bei f\u00fcnf vorhandenen B\u00e4dern jeweils zu Dritt ein Bad teilen.<\/span><\/p>\n<p><img loading=\"lazy\" src=\"https:\/\/iuvare-campus.com\/wp-content\/uploads\/2024\/07\/20220203_110515-225x300.jpg\" width=\"225\" height=\"300\" alt=\"\" class=\"wp-image-3751 alignnone size-medium\" \/> <img loading=\"lazy\" src=\"https:\/\/iuvare-campus.com\/wp-content\/uploads\/2024\/07\/20220316_133233-300x225.jpg\" width=\"300\" height=\"225\" alt=\"\" class=\"wp-image-3763 alignnone size-medium\" \/> <img loading=\"lazy\" src=\"https:\/\/iuvare-campus.com\/wp-content\/uploads\/2024\/07\/Einzelzimmer-225x300.jpg\" width=\"225\" height=\"300\" alt=\"\" class=\"wp-image-3767 alignnone size-medium\" \/><\/p>\n<p>[\/et_pb_tab][et_pb_tab title=&#8221;Kellergeschoss&#8221; _builder_version=&#8221;4.26.0&#8243; global_colors_info=&#8221;{}&#8221;]<\/p>\n<p><span>Im Kellergeschoss befinden sich f\u00fcnf weitere Schlafr\u00e4ume, zusammengesetzt aus drei Einzelzimmern, einem Doppelzimmer und einem Dreibettzimmer. F\u00fcr die Mehrbettzimmer ist jeweils ein eigenes Bad vorgesehen, die Einzelzimmer teilen sich ein Bad und ein zus\u00e4tzliches WC. Um jedoch auch hier ein wohnliches Ambiente gew\u00e4hrleisten zu k\u00f6nnen, wurden aufwendig Fenster \u00fcber Bodenh\u00f6he angebracht. Zus\u00e4tzlich gibt es im Keller eine W\u00e4scherei mit mehreren Waschmaschinen und Trocknern, in denen die Sch\u00fclerinnen und Sch\u00fcler ihre W\u00e4sche waschen k\u00f6nnen.<\/span><\/p>\n<p>[\/et_pb_tab][et_pb_tab title=&#8221;Au\u00dfenanlage&#8221; _builder_version=&#8221;4.26.0&#8243; _module_preset=&#8221;default&#8221; global_colors_info=&#8221;{}&#8221;]<\/p>\n<p>Die bestehende Au\u00dfenanlage und der ehemalige Schulhof werden zu einem ansprechenden Campushof mit viel Platz f\u00fcr Aktivit\u00e4ten umgestaltet und beispielsweise um einen Gemeinschafts-Grillplatz erg\u00e4nzt.<\/p>\n<p>Direkt gegen\u00fcber des Pflegecampus befindet sich ein Sportplatz sowie angrenzend eine Turnhalle, die ebenfalls f\u00fcr sportliche Aktivit\u00e4ten genutzt werden k\u00f6nnen. So soll gew\u00e4hrleistet sein, dass ausreichend Ausgleich durch Bewegung zu einer positiven Lernatmosph\u00e4re beitr\u00e4gt.<\/p>\n<p><img loading=\"lazy\" src=\"https:\/\/iuvare-campus.com\/wp-content\/uploads\/2024\/07\/20220518_112807-300x225.jpg\" width=\"300\" height=\"225\" alt=\"\" class=\"wp-image-3771 alignnone size-medium\" \/> <img loading=\"lazy\" src=\"https:\/\/iuvare-campus.com\/wp-content\/uploads\/2024\/07\/20220901_160750-300x225.jpg\" width=\"300\" height=\"225\" alt=\"\" class=\"wp-image-3775 alignnone size-medium\" \/> <img loading=\"lazy\" src=\"https:\/\/iuvare-campus.com\/wp-content\/uploads\/2024\/07\/20230610_090429-300x225.jpg\" width=\"300\" height=\"225\" alt=\"\" class=\"wp-image-3779 alignnone size-medium\" \/><\/p>\n<p>[\/et_pb_tab][\/et_pb_tabs][\/et_pb_column][\/et_pb_row][\/et_pb_section][et_pb_section fb_built=&#8221;1&#8243; fullwidth=&#8221;on&#8221; theme_builder_area=&#8221;post_content&#8221; _builder_version=&#8221;4.27.0&#8243; _module_preset=&#8221;default&#8221;][et_pb_fullwidth_image src=&#8221;https:\/\/iuvare-campus.com\/wp-content\/uploads\/2024\/09\/20230628_125903-scaled.jpg&#8221; _builder_version=&#8221;4.27.0&#8243; _module_preset=&#8221;default&#8221; theme_builder_area=&#8221;post_content&#8221; title_text=&#8221;20230628_125903&#8243; hover_enabled=&#8221;0&#8243; sticky_enabled=&#8221;0&#8243;][\/et_pb_fullwidth_image][\/et_pb_section][et_pb_section fb_built=&#8221;1&#8243; admin_label=&#8221;Services&#8221; _builder_version=&#8221;4.16&#8243; custom_padding=&#8221;54px|0px|140px|0px|false|false&#8221; global_colors_info=&#8221;{}&#8221;][et_pb_row _builder_version=&#8221;4.16&#8243; global_colors_info=&#8221;{}&#8221;][et_pb_column type=&#8221;4_4&#8243; _builder_version=&#8221;4.16&#8243; custom_padding=&#8221;|||&#8221; global_colors_info=&#8221;{}&#8221; custom_padding__hover=&#8221;|||&#8221;][et_pb_text _builder_version=&#8221;4.16&#8243; text_font=&#8221;||||||||&#8221; text_font_size=&#8221;18px&#8221; text_line_height=&#8221;2em&#8221; header_font=&#8221;||||||||&#8221; header_2_font=&#8221;Oswald|500|||||||&#8221; header_2_font_size=&#8221;46px&#8221; header_2_line_height=&#8221;1.4em&#8221; text_orientation=&#8221;center&#8221; max_width=&#8221;700px&#8221; module_alignment=&#8221;center&#8221; text_font_size_tablet=&#8221;&#8221; text_font_size_phone=&#8221;15px&#8221; text_font_size_last_edited=&#8221;on|phone&#8221; header_2_font_size_tablet=&#8221;46px&#8221; header_2_font_size_phone=&#8221;36px&#8221; header_2_font_size_last_edited=&#8221;on|phone&#8221; global_colors_info=&#8221;{}&#8221;]<\/p>\n<h2>Deine Benefits<\/h2>\n<p>Wir bieten Dir zahlreiche Zusatzservices, die f\u00fcr Dich selbstverst\u00e4ndlich gratis sind.<\/p>\n<p>[\/et_pb_text][\/et_pb_column][\/et_pb_row][et_pb_row column_structure=&#8221;1_4,1_4,1_4,1_4&#8243; _builder_version=&#8221;4.16&#8243; global_colors_info=&#8221;{}&#8221;][et_pb_column type=&#8221;1_4&#8243; _builder_version=&#8221;4.16&#8243; custom_padding=&#8221;|||&#8221; global_colors_info=&#8221;{}&#8221; custom_padding__hover=&#8221;|||&#8221;][et_pb_blurb title=&#8221;Freizeit&#8221; image=&#8221;https:\/\/iuvare-campus.com\/wp-content\/uploads\/2021\/10\/pharmacy-23.png&#8221; _builder_version=&#8221;4.16&#8243; header_font=&#8221;Oswald|600||on|||||&#8221; header_font_size=&#8221;18px&#8221; header_line_height=&#8221;1.5em&#8221; body_font=&#8221;||||||||&#8221; body_line_height=&#8221;2em&#8221; text_orientation=&#8221;center&#8221; custom_margin=&#8221;||30px|&#8221; animation=&#8221;off&#8221; global_colors_info=&#8221;{}&#8221;]<\/p>\n<p>Direkt angrenzend befindet sich ein gro\u00dfer Sportplatz f\u00fcr Freizeitaktivit\u00e4ten. Gr\u00f6\u00dfere St\u00e4dte wie zum Beispiel Hannover sind in nur 45 Minuten mit \u00f6ffentlichen Verkehrsmitteln erreichbar.<\/p>\n<p>[\/et_pb_blurb][\/et_pb_column][et_pb_column type=&#8221;1_4&#8243; _builder_version=&#8221;4.16&#8243; custom_padding=&#8221;|||&#8221; global_colors_info=&#8221;{}&#8221; custom_padding__hover=&#8221;|||&#8221;][et_pb_blurb title=&#8221;PKW &#038; Fahrr\u00e4der&#8221; image=&#8221;https:\/\/iuvare-campus.com\/wp-content\/uploads\/2021\/10\/pharmacy-23.png&#8221; _builder_version=&#8221;4.16&#8243; header_font=&#8221;Oswald|600||on|||||&#8221; header_font_size=&#8221;18px&#8221; header_line_height=&#8221;1.5em&#8221; body_font=&#8221;||||||||&#8221; body_line_height=&#8221;2em&#8221; text_orientation=&#8221;center&#8221; custom_margin=&#8221;||30px|&#8221; animation=&#8221;off&#8221; global_colors_info=&#8221;{}&#8221;]<\/p>\n<p>F\u00fcr Euch stehen PKWs sowie Fahrr\u00e4der zur Verf\u00fcgung. Diese k\u00f6nnen f\u00fcr Besorgungen des t\u00e4glichen Bedarfs frei genutzt werden.<\/p>\n<p>[\/et_pb_blurb][\/et_pb_column][et_pb_column type=&#8221;1_4&#8243; _builder_version=&#8221;4.16&#8243; custom_padding=&#8221;|||&#8221; global_colors_info=&#8221;{}&#8221; custom_padding__hover=&#8221;|||&#8221;][et_pb_blurb title=&#8221;K\u00dcCHE&#8221; image=&#8221;https:\/\/iuvare-campus.com\/wp-content\/uploads\/2021\/10\/pharmacy-23.png&#8221; _builder_version=&#8221;4.16&#8243; header_font=&#8221;Oswald|600||on|||||&#8221; header_font_size=&#8221;18px&#8221; header_line_height=&#8221;1.5em&#8221; body_font=&#8221;||||||||&#8221; body_line_height=&#8221;2em&#8221; text_orientation=&#8221;center&#8221; custom_margin=&#8221;||30px|&#8221; animation=&#8221;off&#8221; global_colors_info=&#8221;{}&#8221;]<\/p>\n<p>Extra gro\u00dfe K\u00fcche im Erdgeschoss mit mehren \u00d6fen und Sp\u00fclen, sodass ausreichend Platz f\u00fcr alle Bewohner gew\u00e4hrleitet ist.<\/p>\n<p>[\/et_pb_blurb][\/et_pb_column][et_pb_column type=&#8221;1_4&#8243; _builder_version=&#8221;4.16&#8243; custom_padding=&#8221;|||&#8221; global_colors_info=&#8221;{}&#8221; custom_padding__hover=&#8221;|||&#8221;][et_pb_blurb title=&#8221;W\u00c4SCHEREI&#8221; image=&#8221;https:\/\/iuvare-campus.com\/wp-content\/uploads\/2021\/10\/pharmacy-23.png&#8221; _builder_version=&#8221;4.16&#8243; header_font=&#8221;Oswald|600||on|||||&#8221; header_font_size=&#8221;18px&#8221; header_line_height=&#8221;1.5em&#8221; body_font=&#8221;||||||||&#8221; body_line_height=&#8221;2em&#8221; text_orientation=&#8221;center&#8221; custom_margin=&#8221;||30px|&#8221; animation=&#8221;off&#8221; locked=&#8221;off&#8221; global_colors_info=&#8221;{}&#8221;]<\/p>\n<p>Im Untergescho\u00df stehen Dir Waschmaschinen und Trockner zur Verf\u00fcgung.<\/p>\n<p>[\/et_pb_blurb][\/et_pb_column][\/et_pb_row][\/et_pb_section]<\/p>\n","protected":false},"excerpt":{"rendered":"<p>Lernen und leben auf dem Iuvare PflegeCampus &#8211; Deutschlands 1. Internat f\u00fcr Pflegefachkr\u00e4fte aus dem Ausland.Auf drei Ebenen findest Du Zimmer, K\u00fcche, Klassenzimmer, uvm.Das Herzst\u00fcck des Iuvare PflegeCampus befindet sich im Erdgeschoss des Geb\u00e4udes. Dieses gliedert sich in einen Lehrtrakt sowie einen Gemeinschafts- und Wohntrakt. Der Schulungsbereich besteht aus drei gro\u00dfen Klassenzimmern und einem Praxisraum, [&hellip;]<\/p>\n","protected":false},"author":1,"featured_media":0,"parent":0,"menu_order":0,"comment_status":"closed","ping_status":"closed","template":"","meta":{"_et_pb_use_builder":"on","_et_pb_old_content":"","_et_gb_content_width":""},"yoast_head":"<!-- This site is optimized with the Yoast SEO plugin v20.6 - https:\/\/yoast.com\/wordpress\/plugins\/seo\/ -->\n<title>PflegeCampus - Iuvare nursering campus Germany<\/title>\n<meta name=\"description\" content=\"Lernen und leben auf dem Iuvare Pflegecampus \u2013 Deutschlands 1. Internat f\u00fcr Pflegefachkr\u00e4fte aus dem Ausland.\" \/>\n<meta name=\"robots\" content=\"index, follow, max-snippet:-1, max-image-preview:large, max-video-preview:-1\" \/>\n<link rel=\"canonical\" href=\"https:\/\/iuvare-campus.com\/nursing-campus\" \/>\n<meta property=\"og:locale\" content=\"de_DE\" \/>\n<meta property=\"og:type\" content=\"article\" \/>\n<meta property=\"og:title\" content=\"PflegeCampus - Iuvare nursering campus Germany\" \/>\n<meta property=\"og:description\" content=\"Lernen und leben auf dem Iuvare Pflegecampus \u2013 Deutschlands 1. Internat f\u00fcr Pflegefachkr\u00e4fte aus dem Ausland.\" \/>\n<meta property=\"og:url\" content=\"https:\/\/iuvare-campus.com\/nursing-campus\" \/>\n<meta property=\"og:site_name\" content=\"Iuvare nursering campus Germany\" \/>\n<meta property=\"article:modified_time\" content=\"2024-09-16T08:27:00+00:00\" \/>\n<meta property=\"og:image\" content=\"https:\/\/iuvare-campus.com\/wp-content\/uploads\/2024\/07\/20220908_125032-300x225.jpg\" \/>\n<meta name=\"twitter:card\" content=\"summary_large_image\" \/>\n<meta name=\"twitter:label1\" content=\"Gesch\u00e4tzte Lesezeit\" \/>\n\t<meta name=\"twitter:data1\" content=\"13 Minuten\" \/>\n<script type=\"application\/ld+json\" class=\"yoast-schema-graph\">{\"@context\":\"https:\/\/schema.org\",\"@graph\":[{\"@type\":\"WebPage\",\"@id\":\"https:\/\/iuvare-campus.com\/nursing-campus\",\"url\":\"https:\/\/iuvare-campus.com\/nursing-campus\",\"name\":\"PflegeCampus - Iuvare nursering campus Germany\",\"isPartOf\":{\"@id\":\"https:\/\/iuvare-campus.com\/#website\"},\"datePublished\":\"2021-10-20T14:48:52+00:00\",\"dateModified\":\"2024-09-16T08:27:00+00:00\",\"description\":\"Lernen und leben auf dem Iuvare Pflegecampus \u2013 Deutschlands 1. Internat f\u00fcr Pflegefachkr\u00e4fte aus dem Ausland.\",\"breadcrumb\":{\"@id\":\"https:\/\/iuvare-campus.com\/nursing-campus#breadcrumb\"},\"inLanguage\":\"de-DE\",\"potentialAction\":[{\"@type\":\"ReadAction\",\"target\":[\"https:\/\/iuvare-campus.com\/nursing-campus\"]}]},{\"@type\":\"BreadcrumbList\",\"@id\":\"https:\/\/iuvare-campus.com\/nursing-campus#breadcrumb\",\"itemListElement\":[{\"@type\":\"ListItem\",\"position\":1,\"name\":\"Startseite\",\"item\":\"https:\/\/iuvare-campus.com\/\"},{\"@type\":\"ListItem\",\"position\":2,\"name\":\"PflegeCampus\"}]},{\"@type\":\"WebSite\",\"@id\":\"https:\/\/iuvare-campus.com\/#website\",\"url\":\"https:\/\/iuvare-campus.com\/\",\"name\":\"Iuvare nursering campus Germany\",\"description\":\"Career as a general nurse in germany\",\"potentialAction\":[{\"@type\":\"SearchAction\",\"target\":{\"@type\":\"EntryPoint\",\"urlTemplate\":\"https:\/\/iuvare-campus.com\/?s={search_term_string}\"},\"query-input\":\"required name=search_term_string\"}],\"inLanguage\":\"de-DE\"}]}<\/script>\n<!-- \/ Yoast SEO plugin. -->","yoast_head_json":{"title":"PflegeCampus - Iuvare nursering campus Germany","description":"Lernen und leben auf dem Iuvare Pflegecampus \u2013 Deutschlands 1. Internat f\u00fcr Pflegefachkr\u00e4fte aus dem Ausland.","robots":{"index":"index","follow":"follow","max-snippet":"max-snippet:-1","max-image-preview":"max-image-preview:large","max-video-preview":"max-video-preview:-1"},"canonical":"https:\/\/iuvare-campus.com\/nursing-campus","og_locale":"de_DE","og_type":"article","og_title":"PflegeCampus - Iuvare nursering campus Germany","og_description":"Lernen und leben auf dem Iuvare Pflegecampus \u2013 Deutschlands 1. Internat f\u00fcr Pflegefachkr\u00e4fte aus dem Ausland.","og_url":"https:\/\/iuvare-campus.com\/nursing-campus","og_site_name":"Iuvare nursering campus Germany","article_modified_time":"2024-09-16T08:27:00+00:00","og_image":[{"url":"https:\/\/iuvare-campus.com\/wp-content\/uploads\/2024\/07\/20220908_125032-300x225.jpg"}],"twitter_card":"summary_large_image","twitter_misc":{"Gesch\u00e4tzte Lesezeit":"13 Minuten"},"schema":{"@context":"https:\/\/schema.org","@graph":[{"@type":"WebPage","@id":"https:\/\/iuvare-campus.com\/nursing-campus","url":"https:\/\/iuvare-campus.com\/nursing-campus","name":"PflegeCampus - Iuvare nursering campus Germany","isPartOf":{"@id":"https:\/\/iuvare-campus.com\/#website"},"datePublished":"2021-10-20T14:48:52+00:00","dateModified":"2024-09-16T08:27:00+00:00","description":"Lernen und leben auf dem Iuvare Pflegecampus \u2013 Deutschlands 1. Internat f\u00fcr Pflegefachkr\u00e4fte aus dem Ausland.","breadcrumb":{"@id":"https:\/\/iuvare-campus.com\/nursing-campus#breadcrumb"},"inLanguage":"de-DE","potentialAction":[{"@type":"ReadAction","target":["https:\/\/iuvare-campus.com\/nursing-campus"]}]},{"@type":"BreadcrumbList","@id":"https:\/\/iuvare-campus.com\/nursing-campus#breadcrumb","itemListElement":[{"@type":"ListItem","position":1,"name":"Startseite","item":"https:\/\/iuvare-campus.com\/"},{"@type":"ListItem","position":2,"name":"PflegeCampus"}]},{"@type":"WebSite","@id":"https:\/\/iuvare-campus.com\/#website","url":"https:\/\/iuvare-campus.com\/","name":"Iuvare nursering campus Germany","description":"Career as a general nurse in germany","potentialAction":[{"@type":"SearchAction","target":{"@type":"EntryPoint","urlTemplate":"https:\/\/iuvare-campus.com\/?s={search_term_string}"},"query-input":"required name=search_term_string"}],"inLanguage":"de-DE"}]}},"_links":{"self":[{"href":"https:\/\/iuvare-campus.com\/de\/wp-json\/wp\/v2\/pages\/81"}],"collection":[{"href":"https:\/\/iuvare-campus.com\/de\/wp-json\/wp\/v2\/pages"}],"about":[{"href":"https:\/\/iuvare-campus.com\/de\/wp-json\/wp\/v2\/types\/page"}],"author":[{"embeddable":true,"href":"https:\/\/iuvare-campus.com\/de\/wp-json\/wp\/v2\/users\/1"}],"replies":[{"embeddable":true,"href":"https:\/\/iuvare-campus.com\/de\/wp-json\/wp\/v2\/comments?post=81"}],"version-history":[{"count":42,"href":"https:\/\/iuvare-campus.com\/de\/wp-json\/wp\/v2\/pages\/81\/revisions"}],"predecessor-version":[{"id":4252,"href":"https:\/\/iuvare-campus.com\/de\/wp-json\/wp\/v2\/pages\/81\/revisions\/4252"}],"wp:attachment":[{"href":"https:\/\/iuvare-campus.com\/de\/wp-json\/wp\/v2\/media?parent=81"}],"curies":[{"name":"wp","href":"https:\/\/api.w.org\/{rel}","templated":true}]}}