{"id":4455,"date":"2024-10-25T11:17:00","date_gmt":"2024-10-25T11:17:00","guid":{"rendered":"https:\/\/iuvare-campus.com\/?page_id=4455"},"modified":"2026-03-11T12:18:48","modified_gmt":"2026-03-11T12:18:48","slug":"charte","status":"publish","type":"page","link":"https:\/\/iuvare-campus.com\/fr\/charte","title":{"rendered":"Charte"},"content":{"rendered":"<p>[et_pb_section fb_built=&#8221;1&#8243; fullwidth=&#8221;on&#8221; admin_label=&#8221;Hero&#8221; _builder_version=&#8221;4.26.0&#8243; background_color=&#8221;#2d2d2d&#8221; use_background_color_gradient=&#8221;on&#8221; background_color_gradient_direction=&#8221;140deg&#8221; background_color_gradient_stops=&#8221;rgba(25,36,45,0.7) 0%|#19242d 100%&#8221; background_color_gradient_overlays_image=&#8221;on&#8221; background_color_gradient_start=&#8221;rgba(25,36,45,0.7)&#8221; background_color_gradient_end=&#8221;#19242d&#8221; background_image=&#8221;https:\/\/iuvare-campus.com\/wp-content\/uploads\/2022\/10\/Campus-FB.jpg&#8221; custom_padding=&#8221;||||true&#8221; global_colors_info=&#8221;{}&#8221;][et_pb_fullwidth_header title=&#8221;Charte&#8221; text_orientation=&#8221;center&#8221; _builder_version=&#8221;4.27.0&#8243; title_font=&#8221;Oswald|500|||||||&#8221; title_font_size=&#8221;56px&#8221; title_line_height=&#8221;1.4em&#8221; content_font=&#8221;||||||||&#8221; content_font_size=&#8221;18px&#8221; content_line_height=&#8221;2em&#8221; background_color=&#8221;rgba(0,0,0,0)&#8221; custom_button_one=&#8221;on&#8221; button_one_text_size=&#8221;16px&#8221; button_one_text_color=&#8221;#ffffff&#8221; button_one_bg_color=&#8221;#e0aa25&#8243; button_one_border_width=&#8221;8px&#8221; button_one_border_color=&#8221;rgba(0,0,0,0)&#8221; button_one_border_radius=&#8221;0px&#8221; button_one_letter_spacing=&#8221;3px&#8221; button_one_font=&#8221;Montserrat|||on|||||&#8221; button_one_use_icon=&#8221;off&#8221; custom_button_two=&#8221;on&#8221; button_two_text_size=&#8221;16px&#8221; button_two_text_color=&#8221;#ffffff&#8221; button_two_bg_color=&#8221;#e0aa25&#8243; button_two_border_width=&#8221;8px&#8221; button_two_border_color=&#8221;rgba(0,0,0,0)&#8221; button_two_border_radius=&#8221;0px&#8221; button_two_letter_spacing=&#8221;3px&#8221; button_two_font=&#8221;Montserrat|||on|||||&#8221; button_two_use_icon=&#8221;off&#8221; custom_padding=&#8221;||80px||false&#8221; title_font_size_tablet=&#8221;46px&#8221; title_font_size_phone=&#8221;36px&#8221; title_font_size_last_edited=&#8221;on|phone&#8221; content_font_size_tablet=&#8221;&#8221; content_font_size_phone=&#8221;15px&#8221; content_font_size_last_edited=&#8221;on|phone&#8221; button_one_border_radius_hover=&#8221;0px&#8221; button_two_border_radius_hover=&#8221;0px&#8221; button_one_letter_spacing_hover=&#8221;3px&#8221; button_two_letter_spacing_hover=&#8221;3px&#8221; button_one_bg_color_hover=&#8221;rgba(193,62,51,0.9)&#8221; button_two_bg_color_hover=&#8221;rgba(193,62,51,0.9)&#8221; global_colors_info=&#8221;{}&#8221; button_one_text_size__hover_enabled=&#8221;off&#8221; button_two_text_size__hover_enabled=&#8221;off&#8221; button_one_text_color__hover_enabled=&#8221;off&#8221; button_two_text_color__hover_enabled=&#8221;off&#8221; button_one_border_width__hover_enabled=&#8221;off&#8221; button_two_border_width__hover_enabled=&#8221;off&#8221; button_one_border_color__hover_enabled=&#8221;off&#8221; button_two_border_color__hover_enabled=&#8221;off&#8221; button_one_border_radius__hover_enabled=&#8221;on&#8221; button_one_border_radius__hover=&#8221;0px&#8221; button_two_border_radius__hover_enabled=&#8221;on&#8221; button_two_border_radius__hover=&#8221;0px&#8221; button_one_letter_spacing__hover_enabled=&#8221;on&#8221; button_one_letter_spacing__hover=&#8221;3px&#8221; button_two_letter_spacing__hover_enabled=&#8221;on&#8221; button_two_letter_spacing__hover=&#8221;3px&#8221; button_one_bg_color__hover_enabled=&#8221;on&#8221; button_one_bg_color__hover=&#8221;rgba(193,62,51,0.9)&#8221; button_two_bg_color__hover_enabled=&#8221;on&#8221; button_two_bg_color__hover=&#8221;rgba(193,62,51,0.9)&#8221;][\/et_pb_fullwidth_header][\/et_pb_section][et_pb_section fb_built=&#8221;1&#8243; admin_label=&#8221;Blog Section&#8221; _builder_version=&#8221;4.16&#8243; custom_padding=&#8221;50.625px|0px|140px|0px|false|false&#8221; global_colors_info=&#8221;{}&#8221;][et_pb_row _builder_version=&#8221;4.27.0&#8243; _module_preset=&#8221;default&#8221; global_colors_info=&#8221;{}&#8221;][et_pb_column type=&#8221;4_4&#8243; _builder_version=&#8221;4.27.0&#8243; _module_preset=&#8221;default&#8221; global_colors_info=&#8221;{}&#8221;][et_pb_text _builder_version=&#8221;4.27.0&#8243; _module_preset=&#8221;default&#8221; global_colors_info=&#8221;{}&#8221;]<\/p>\n<section class=\"av_textblock_section \" itemscope=\"itemscope\" itemtype=\"https:\/\/schema.org\/CreativeWork\">\n<div class=\"avia_textblock  \" itemprop=\"text\">\n<h2 style=\"text-align: center;\"><strong><br \/>Charte de la Iuvare PflegeCampus GmbH<\/strong><\/h2>\n<p style=\"text-align: center;\">\n<p style=\"text-align: center;\">Version from 2025\/01\/24<\/p>\n<p style=\"text-align: center;\">\n<\/div>\n<\/section>\n<section class=\"av_textblock_section \" itemscope=\"itemscope\" itemtype=\"https:\/\/schema.org\/CreativeWork\">\n<div class=\"avia_textblock  \" itemprop=\"text\">\n<p style=\"text-align: center;\">\n<\/div>\n<\/section>\n<div class=\"hr hr-invisible   avia-builder-el-4  el_after_av_textblock  el_before_av_textblock \" style=\"text-align: center;\">\n<p><strong>L&#8217;Iuvare PflegeCampus GmbH est synonyme de mesures de formation ax\u00e9es sur les besoins et les clients et garantit la qualit\u00e9 de la formation.<\/strong><\/p>\n<p>Afin de pouvoir offrir des services de qualit\u00e9 constante, ind\u00e9pendamment des personnes qui les r\u00e9alisent, nous nous engageons \u00e0 respecter les principes suivants.<\/p>\n<p>La charte est communiqu\u00e9e en interne par voie d&#8217;affichage et en externe par le biais du site web.<\/p>\n<p><strong>Orientation client<\/strong><br \/>Nous consid\u00e9rons comme clients toutes les parties int\u00e9ress\u00e9es, dont font partie les participants, mais aussi les entreprises commanditaires qui ont un int\u00e9r\u00eat \u00e0 obtenir la reconnaissance d&#8217;infirmier(\u00e8re) en Allemagne ou qui souhaitent am\u00e9liorer la qualit\u00e9 des soins au sein de leur entreprise, ainsi que les organismes payeurs. En raison de la p\u00e9nurie de personnel infirmier en Allemagne, le recrutement de personnel infirmier qualifi\u00e9 pour le march\u00e9 du travail allemand pr\u00e9sente un int\u00e9r\u00eat \u00e0 la fois \u00e9conomique et politique. L&#8217;Agence f\u00e9d\u00e9rale pour l&#8217;emploi est \u00e9galement int\u00e9ress\u00e9e par ce projet en raison du recrutement et de la qualification de personnel qualifi\u00e9.<\/p>\n<p>Dans ce contexte, nous v\u00e9rifions, dans le cadre des proc\u00e9dures et des processus existants, si les exigences et les attentes que le client nous impose peuvent \u00eatre satisfaites avec les ressources disponibles (\u00e9quipement, m\u00e9dias, enseignants). Nous essayons de maintenir et d&#8217;encourager cela en observant constamment les processus dans le cadre d&#8217;audits internes et en surveillant l&#8217;ex\u00e9cution quotidienne des t\u00e2ches qui se pr\u00e9sentent.<\/p>\n<p>Les objectifs qui en d\u00e9coulent sont, entre autres, l&#8217;augmentation durable de la satisfaction des clients et du taux de r\u00e9ussite \u00e0 l&#8217;examen de connaissances \u00e0 la fin du cours pr\u00e9paratoire.<\/p>\n<p><strong>Personnel<\/strong><br \/>Nous employons du personnel qualifi\u00e9 dans la direction, l&#8217;enseignement et l&#8217;administration, ainsi que des enseignants qualifi\u00e9s. Une formation professionnelle continue est dispens\u00e9e \u00e0 notre personnel.<\/p>\n<p><strong>Offre de formation<\/strong><br \/>Les participants potentiels re\u00e7oivent de notre part des d\u00e9clarations et des informations claires sur tout ce qui est pertinent. Nous les coachons et les conseillons personnellement afin de permettre un d\u00e9veloppement appropri\u00e9 et orient\u00e9 vers les participants. La collaboration et l&#8217;enseignement au sein des salles de formation sont personnalis\u00e9s et ax\u00e9s sur les participants et la diversit\u00e9 des m\u00e9thodes. Des mesures de formation qualifi\u00e9es et individuelles garantissent le succ\u00e8s de l&#8217;enseignement.<\/p>\n<p><strong>Participants<\/strong><br \/>Nos affirmations publicitaires sont v\u00e9ridiques et s\u00e9rieuses. Nos mesures de formation sont transparentes en ce qui concerne : Objectif, conditions de participation, dur\u00e9e, lieu, prix, nombre d&#8217;heures de cours, m\u00e9thodes utilis\u00e9es, conditions commerciales. Lors du d\u00e9veloppement de nos offres de formation selon le SGB III, nous tenons compte de la situation et de l&#8217;\u00e9volution du march\u00e9 du travail et aidons les participants \u00e0 obtenir la reconnaissance et \u00e0 s&#8217;int\u00e9grer dans le march\u00e9 du travail.<\/p>\n<\/div>\n<p>[\/et_pb_text][\/et_pb_column][\/et_pb_row][\/et_pb_section]<\/p>\n","protected":false},"excerpt":{"rendered":"<p>Charte de la Iuvare PflegeCampus GmbH Version from 2025\/01\/24 L&#8217;Iuvare PflegeCampus GmbH est synonyme de mesures de formation ax\u00e9es sur les besoins et les clients et garantit la qualit\u00e9 de la formation. Afin de pouvoir offrir des services de qualit\u00e9 constante, ind\u00e9pendamment des personnes qui les r\u00e9alisent, nous nous engageons \u00e0 respecter les principes suivants. [&hellip;]<\/p>\n","protected":false},"author":1,"featured_media":0,"parent":0,"menu_order":0,"comment_status":"closed","ping_status":"closed","template":"","meta":{"_et_pb_use_builder":"on","_et_pb_old_content":"","_et_gb_content_width":""},"yoast_head":"<!-- This site is optimized with the Yoast SEO plugin v20.6 - https:\/\/yoast.com\/wordpress\/plugins\/seo\/ -->\n<title>Charte - Iuvare nursering campus Germany<\/title>\n<meta name=\"robots\" content=\"index, follow, max-snippet:-1, max-image-preview:large, max-video-preview:-1\" \/>\n<link rel=\"canonical\" href=\"https:\/\/iuvare-campus.com\/fr\/charte\" \/>\n<meta property=\"og:locale\" content=\"fr_FR\" \/>\n<meta property=\"og:type\" content=\"article\" \/>\n<meta property=\"og:title\" content=\"Charte - Iuvare nursering campus Germany\" \/>\n<meta property=\"og:description\" content=\"Charte de la Iuvare PflegeCampus GmbH Version from 2025\/01\/24 L&#039;Iuvare PflegeCampus GmbH est synonyme de mesures de formation ax\u00e9es sur les besoins et les clients et garantit la qualit\u00e9 de la formation. Afin de pouvoir offrir des services de qualit\u00e9 constante, ind\u00e9pendamment des personnes qui les r\u00e9alisent, nous nous engageons \u00e0 respecter les principes suivants. [&hellip;]\" \/>\n<meta property=\"og:url\" content=\"https:\/\/iuvare-campus.com\/fr\/charte\" \/>\n<meta property=\"og:site_name\" content=\"Iuvare nursering campus Germany\" \/>\n<meta property=\"article:modified_time\" content=\"2026-03-11T12:18:48+00:00\" \/>\n<meta name=\"twitter:card\" content=\"summary_large_image\" \/>\n<script type=\"application\/ld+json\" class=\"yoast-schema-graph\">{\"@context\":\"https:\/\/schema.org\",\"@graph\":[{\"@type\":\"WebPage\",\"@id\":\"https:\/\/iuvare-campus.com\/fr\/charte\",\"url\":\"https:\/\/iuvare-campus.com\/fr\/charte\",\"name\":\"Charte - Iuvare nursering campus Germany\",\"isPartOf\":{\"@id\":\"https:\/\/iuvare-campus.com\/#website\"},\"datePublished\":\"2024-10-25T11:17:00+00:00\",\"dateModified\":\"2026-03-11T12:18:48+00:00\",\"breadcrumb\":{\"@id\":\"https:\/\/iuvare-campus.com\/fr\/charte#breadcrumb\"},\"inLanguage\":\"fr-FR\",\"potentialAction\":[{\"@type\":\"ReadAction\",\"target\":[\"https:\/\/iuvare-campus.com\/fr\/charte\"]}]},{\"@type\":\"BreadcrumbList\",\"@id\":\"https:\/\/iuvare-campus.com\/fr\/charte#breadcrumb\",\"itemListElement\":[{\"@type\":\"ListItem\",\"position\":1,\"name\":\"Startseite\",\"item\":\"https:\/\/iuvare-campus.com\/fr\"},{\"@type\":\"ListItem\",\"position\":2,\"name\":\"Charte\"}]},{\"@type\":\"WebSite\",\"@id\":\"https:\/\/iuvare-campus.com\/#website\",\"url\":\"https:\/\/iuvare-campus.com\/\",\"name\":\"Iuvare nursering campus Germany\",\"description\":\"Career as a general nurse in germany\",\"potentialAction\":[{\"@type\":\"SearchAction\",\"target\":{\"@type\":\"EntryPoint\",\"urlTemplate\":\"https:\/\/iuvare-campus.com\/?s={search_term_string}\"},\"query-input\":\"required name=search_term_string\"}],\"inLanguage\":\"fr-FR\"}]}<\/script>\n<!-- \/ Yoast SEO plugin. -->","yoast_head_json":{"title":"Charte - Iuvare nursering campus Germany","robots":{"index":"index","follow":"follow","max-snippet":"max-snippet:-1","max-image-preview":"max-image-preview:large","max-video-preview":"max-video-preview:-1"},"canonical":"https:\/\/iuvare-campus.com\/fr\/charte","og_locale":"fr_FR","og_type":"article","og_title":"Charte - Iuvare nursering campus Germany","og_description":"Charte de la Iuvare PflegeCampus GmbH Version from 2025\/01\/24 L'Iuvare PflegeCampus GmbH est synonyme de mesures de formation ax\u00e9es sur les besoins et les clients et garantit la qualit\u00e9 de la formation. Afin de pouvoir offrir des services de qualit\u00e9 constante, ind\u00e9pendamment des personnes qui les r\u00e9alisent, nous nous engageons \u00e0 respecter les principes suivants. [&hellip;]","og_url":"https:\/\/iuvare-campus.com\/fr\/charte","og_site_name":"Iuvare nursering campus Germany","article_modified_time":"2026-03-11T12:18:48+00:00","twitter_card":"summary_large_image","schema":{"@context":"https:\/\/schema.org","@graph":[{"@type":"WebPage","@id":"https:\/\/iuvare-campus.com\/fr\/charte","url":"https:\/\/iuvare-campus.com\/fr\/charte","name":"Charte - Iuvare nursering campus Germany","isPartOf":{"@id":"https:\/\/iuvare-campus.com\/#website"},"datePublished":"2024-10-25T11:17:00+00:00","dateModified":"2026-03-11T12:18:48+00:00","breadcrumb":{"@id":"https:\/\/iuvare-campus.com\/fr\/charte#breadcrumb"},"inLanguage":"fr-FR","potentialAction":[{"@type":"ReadAction","target":["https:\/\/iuvare-campus.com\/fr\/charte"]}]},{"@type":"BreadcrumbList","@id":"https:\/\/iuvare-campus.com\/fr\/charte#breadcrumb","itemListElement":[{"@type":"ListItem","position":1,"name":"Startseite","item":"https:\/\/iuvare-campus.com\/fr"},{"@type":"ListItem","position":2,"name":"Charte"}]},{"@type":"WebSite","@id":"https:\/\/iuvare-campus.com\/#website","url":"https:\/\/iuvare-campus.com\/","name":"Iuvare nursering campus Germany","description":"Career as a general nurse in germany","potentialAction":[{"@type":"SearchAction","target":{"@type":"EntryPoint","urlTemplate":"https:\/\/iuvare-campus.com\/?s={search_term_string}"},"query-input":"required name=search_term_string"}],"inLanguage":"fr-FR"}]}},"_links":{"self":[{"href":"https:\/\/iuvare-campus.com\/fr\/wp-json\/wp\/v2\/pages\/4455"}],"collection":[{"href":"https:\/\/iuvare-campus.com\/fr\/wp-json\/wp\/v2\/pages"}],"about":[{"href":"https:\/\/iuvare-campus.com\/fr\/wp-json\/wp\/v2\/types\/page"}],"author":[{"embeddable":true,"href":"https:\/\/iuvare-campus.com\/fr\/wp-json\/wp\/v2\/users\/1"}],"replies":[{"embeddable":true,"href":"https:\/\/iuvare-campus.com\/fr\/wp-json\/wp\/v2\/comments?post=4455"}],"version-history":[{"count":12,"href":"https:\/\/iuvare-campus.com\/fr\/wp-json\/wp\/v2\/pages\/4455\/revisions"}],"predecessor-version":[{"id":4735,"href":"https:\/\/iuvare-campus.com\/fr\/wp-json\/wp\/v2\/pages\/4455\/revisions\/4735"}],"wp:attachment":[{"href":"https:\/\/iuvare-campus.com\/fr\/wp-json\/wp\/v2\/media?parent=4455"}],"curies":[{"name":"wp","href":"https:\/\/api.w.org\/{rel}","templated":true}]}}