{"id":4464,"date":"2024-10-28T08:46:58","date_gmt":"2024-10-28T08:46:58","guid":{"rendered":"https:\/\/iuvare-campus.com\/?page_id=4464"},"modified":"2026-03-11T12:21:16","modified_gmt":"2026-03-11T12:21:16","slug":"misyonumuz","status":"publish","type":"page","link":"https:\/\/iuvare-campus.com\/tr\/misyonumuz","title":{"rendered":"Misyonumuz"},"content":{"rendered":"<p>[et_pb_section fb_built=&#8221;1&#8243; fullwidth=&#8221;on&#8221; admin_label=&#8221;Hero&#8221; _builder_version=&#8221;4.26.0&#8243; background_color=&#8221;#2d2d2d&#8221; use_background_color_gradient=&#8221;on&#8221; background_color_gradient_direction=&#8221;140deg&#8221; background_color_gradient_stops=&#8221;rgba(25,36,45,0.7) 0%|#19242d 100%&#8221; background_color_gradient_overlays_image=&#8221;on&#8221; background_color_gradient_start=&#8221;rgba(25,36,45,0.7)&#8221; background_color_gradient_end=&#8221;#19242d&#8221; background_image=&#8221;https:\/\/iuvare-campus.com\/wp-content\/uploads\/2022\/10\/Campus-FB.jpg&#8221; custom_padding=&#8221;||||true&#8221; global_colors_info=&#8221;{}&#8221;][et_pb_fullwidth_header title=&#8221;Misyonumuz&#8221; text_orientation=&#8221;center&#8221; _builder_version=&#8221;4.27.0&#8243; title_font=&#8221;Oswald|500|||||||&#8221; title_font_size=&#8221;56px&#8221; title_line_height=&#8221;1.4em&#8221; content_font=&#8221;||||||||&#8221; content_font_size=&#8221;18px&#8221; content_line_height=&#8221;2em&#8221; background_color=&#8221;rgba(0,0,0,0)&#8221; custom_button_one=&#8221;on&#8221; button_one_text_size=&#8221;16px&#8221; button_one_text_color=&#8221;#ffffff&#8221; button_one_bg_color=&#8221;#e0aa25&#8243; button_one_border_width=&#8221;8px&#8221; button_one_border_color=&#8221;rgba(0,0,0,0)&#8221; button_one_border_radius=&#8221;0px&#8221; button_one_letter_spacing=&#8221;3px&#8221; button_one_font=&#8221;Montserrat|||on|||||&#8221; button_one_use_icon=&#8221;off&#8221; custom_button_two=&#8221;on&#8221; button_two_text_size=&#8221;16px&#8221; button_two_text_color=&#8221;#ffffff&#8221; button_two_bg_color=&#8221;#e0aa25&#8243; button_two_border_width=&#8221;8px&#8221; button_two_border_color=&#8221;rgba(0,0,0,0)&#8221; button_two_border_radius=&#8221;0px&#8221; button_two_letter_spacing=&#8221;3px&#8221; button_two_font=&#8221;Montserrat|||on|||||&#8221; button_two_use_icon=&#8221;off&#8221; custom_padding=&#8221;||80px||false&#8221; title_font_size_tablet=&#8221;46px&#8221; title_font_size_phone=&#8221;36px&#8221; title_font_size_last_edited=&#8221;on|phone&#8221; content_font_size_tablet=&#8221;&#8221; content_font_size_phone=&#8221;15px&#8221; content_font_size_last_edited=&#8221;on|phone&#8221; button_one_border_radius_hover=&#8221;0px&#8221; button_two_border_radius_hover=&#8221;0px&#8221; button_one_letter_spacing_hover=&#8221;3px&#8221; button_two_letter_spacing_hover=&#8221;3px&#8221; button_one_bg_color_hover=&#8221;rgba(193,62,51,0.9)&#8221; button_two_bg_color_hover=&#8221;rgba(193,62,51,0.9)&#8221; global_colors_info=&#8221;{}&#8221; button_one_text_size__hover_enabled=&#8221;off&#8221; button_two_text_size__hover_enabled=&#8221;off&#8221; button_one_text_color__hover_enabled=&#8221;off&#8221; button_two_text_color__hover_enabled=&#8221;off&#8221; button_one_border_width__hover_enabled=&#8221;off&#8221; button_two_border_width__hover_enabled=&#8221;off&#8221; button_one_border_color__hover_enabled=&#8221;off&#8221; button_two_border_color__hover_enabled=&#8221;off&#8221; button_one_border_radius__hover_enabled=&#8221;on&#8221; button_one_border_radius__hover=&#8221;0px&#8221; button_two_border_radius__hover_enabled=&#8221;on&#8221; button_two_border_radius__hover=&#8221;0px&#8221; button_one_letter_spacing__hover_enabled=&#8221;on&#8221; button_one_letter_spacing__hover=&#8221;3px&#8221; button_two_letter_spacing__hover_enabled=&#8221;on&#8221; button_two_letter_spacing__hover=&#8221;3px&#8221; button_one_bg_color__hover_enabled=&#8221;on&#8221; button_one_bg_color__hover=&#8221;rgba(193,62,51,0.9)&#8221; button_two_bg_color__hover_enabled=&#8221;on&#8221; button_two_bg_color__hover=&#8221;rgba(193,62,51,0.9)&#8221;][\/et_pb_fullwidth_header][\/et_pb_section][et_pb_section fb_built=&#8221;1&#8243; admin_label=&#8221;Blog Section&#8221; _builder_version=&#8221;4.16&#8243; custom_padding=&#8221;50.625px|0px|140px|0px|false|false&#8221; global_colors_info=&#8221;{}&#8221;][et_pb_row _builder_version=&#8221;4.27.0&#8243; _module_preset=&#8221;default&#8221; global_colors_info=&#8221;{}&#8221;][et_pb_column type=&#8221;4_4&#8243; _builder_version=&#8221;4.27.0&#8243; _module_preset=&#8221;default&#8221; global_colors_info=&#8221;{}&#8221;][et_pb_text _builder_version=&#8221;4.27.4&#8243; _module_preset=&#8221;default&#8221; hover_enabled=&#8221;0&#8243; global_colors_info=&#8221;{}&#8221; custom_padding=&#8221;5px|||||&#8221; sticky_enabled=&#8221;0&#8243;]<\/p>\n<section class=\"av_textblock_section \" itemscope=\"itemscope\" itemtype=\"https:\/\/schema.org\/CreativeWork\">\n<div class=\"avia_textblock  \" itemprop=\"text\">\n<h2 style=\"text-align: center;\"><strong>Kurumun misyon beyan\u0131 Iuvare PflegeCampus GmbH<\/strong><\/h2>\n<p style=\"text-align: center;\">Version from 2025\/01\/24<\/p>\n<\/div>\n<\/section>\n<section class=\"av_textblock_section \" itemscope=\"itemscope\" itemtype=\"https:\/\/schema.org\/CreativeWork\">\n<div class=\"avia_textblock  \" itemprop=\"text\">\n<p style=\"text-align: center;\">\n<\/div>\n<\/section>\n<div class=\"hr hr-invisible   avia-builder-el-4  el_after_av_textblock  el_before_av_textblock \" style=\"text-align: center;\">\n<p><strong>Iuvare PflegeCampus GmbH, talep ve m\u00fc\u015fteri odakl\u0131 e\u011fitim \u00f6nlemlerini temsil eder ve e\u011fitimde kaliteyi garanti eder.<\/strong><\/p>\n<p>Programlar\u0131 y\u00fcr\u00fcten ki\u015filerden ba\u011f\u0131ms\u0131z olarak s\u00fcrekli iyi hizmetler sunabilmek i\u00e7in a\u015fa\u011f\u0131daki ilkelere ba\u011fl\u0131 kalmay\u0131 taahh\u00fct ediyoruz.<\/p>\n<p>Misyon beyan\u0131 kurum i\u00e7inde duyuru panolar\u0131 arac\u0131l\u0131\u011f\u0131yla, kurum d\u0131\u015f\u0131nda ise web sitesi arac\u0131l\u0131\u011f\u0131yla iletilmektedir.<\/p>\n<p><strong>M\u00fc\u015fteri odakl\u0131l\u0131k<\/strong><br \/>Kat\u0131l\u0131mc\u0131lar\u0131n yan\u0131 s\u0131ra Almanya&#8217;da hem\u015firelik uzman\u0131 olarak tan\u0131nmak isteyen veya \u015firketlerinde bak\u0131m kalitesini art\u0131rmak isteyen g\u00f6revlendirici \u015firketler ve maliyet ta\u015f\u0131y\u0131c\u0131lar\u0131 da dahil olmak \u00fczere t\u00fcm ilgili taraflar\u0131 m\u00fc\u015fteri olarak g\u00f6r\u00fcyoruz. Almanya&#8217;daki kalifiye hem\u015firelik personeli a\u00e7\u0131\u011f\u0131 nedeniyle, Alman i\u015fg\u00fcc\u00fc piyasas\u0131 i\u00e7in kalifiye hem\u015firelik personeli istihdam\u0131na hem makroekonomik hem de politik bir ilgi vard\u0131r. Bu proje, vas\u0131fl\u0131 i\u015f\u00e7ilerin i\u015fe al\u0131nmas\u0131 ve vas\u0131fland\u0131r\u0131lmas\u0131 nedeniyle Federal \u0130\u015f Bulma Kurumu&#8217;nun da ilgisini \u00e7ekmektedir.<\/p>\n<p>Bu ba\u011flamda, mevcut prosed\u00fcrler ve s\u00fcre\u00e7ler \u00e7er\u00e7evesinde, m\u00fc\u015fterinin bize y\u00f6neltti\u011fi talep ve beklentilerin mevcut kaynaklarla (ekipman, medya, e\u011fitmenler) kar\u015f\u0131lan\u0131p kar\u015f\u0131lanamayaca\u011f\u0131n\u0131 kontrol ediyoruz. \u0130\u00e7 denetimlerin bir par\u00e7as\u0131 olarak s\u00fcre\u00e7leri s\u00fcrekli g\u00f6zlemleyerek ve ortaya \u00e7\u0131kan g\u00f6revlerin g\u00fcnl\u00fck olarak tamamlanmas\u0131n\u0131 izleyerek bunu s\u00fcrd\u00fcrmeye ve te\u015fvik etmeye \u00e7al\u0131\u015f\u0131yoruz.<\/p>\n<p>Bundan kaynaklanan hedefler aras\u0131nda m\u00fc\u015fteri memnuniyetinde ve haz\u0131rl\u0131k kursunun sonundaki bilgi testini ge\u00e7me oran\u0131nda s\u00fcrd\u00fcr\u00fclebilir bir art\u0131\u015f yer almaktad\u0131r.<\/p>\n<p><strong>Personel<\/strong><br \/>Nitelikli \u00f6\u011fretmenlerin yan\u0131 s\u0131ra y\u00f6netim, \u00f6\u011fretim ve idare alanlar\u0131nda nitelikli personel istihdam etmekteyiz. Personelimiz i\u00e7in s\u00fcrekli mesleki geli\u015fim d\u00fczenlenmektedir.<\/p>\n<p><strong>E\u011fitim program\u0131<\/strong><br \/>Potansiyel kat\u0131l\u0131mc\u0131lara ilgili t\u00fcm konularda net a\u00e7\u0131klamalar ve bilgiler sa\u011fl\u0131yoruz. Kat\u0131l\u0131mc\u0131 odakl\u0131 ve uygun geli\u015fimi sa\u011flamak i\u00e7in bizden ki\u015fisel ko\u00e7luk ve tavsiye al\u0131rlar. E\u011fitim odalar\u0131ndaki i\u015fbirli\u011fi ve \u00f6\u011fretim bireyselle\u015ftirilmi\u015f ve kat\u0131l\u0131mc\u0131lara ve \u00e7e\u015fitli y\u00f6ntemlere y\u00f6neliktir. Nitelikli ve bireyselle\u015ftirilmi\u015f e\u011fitim \u00f6nlemleri derslerin ba\u015far\u0131l\u0131 olmas\u0131n\u0131 sa\u011flar.<\/p>\n<p><strong>Kat\u0131l\u0131mc\u0131lar<\/strong><br \/>Reklam beyanlar\u0131m\u0131z do\u011fru ve ciddidir. E\u011fitim programlar\u0131m\u0131z \u015fu konularda \u015feffaft\u0131r: Hedefler, kat\u0131l\u0131m \u015fartlar\u0131, kat\u0131l\u0131m ko\u015fullar\u0131, s\u00fcre, yer, fiyat, ders say\u0131s\u0131, kullan\u0131lan y\u00f6ntemler, \u015fartlar ve ko\u015fullar. E\u011fitim kurslar\u0131m\u0131z\u0131 SGB III&#8217;e uygun olarak geli\u015ftirirken, i\u015fg\u00fcc\u00fc piyasas\u0131n\u0131n durumunu ve geli\u015fimini dikkate al\u0131yor ve kat\u0131l\u0131mc\u0131lar\u0131 i\u015fg\u00fcc\u00fc piyasas\u0131nda tan\u0131n\u0131rl\u0131k kazanma ve entegrasyon konusunda destekliyoruz.<\/p>\n<\/div>\n<p>[\/et_pb_text][\/et_pb_column][\/et_pb_row][\/et_pb_section]<\/p>\n","protected":false},"excerpt":{"rendered":"<p>Kurumun misyon beyan\u0131 Iuvare PflegeCampus GmbH Version from 2025\/01\/24 Iuvare PflegeCampus GmbH, talep ve m\u00fc\u015fteri odakl\u0131 e\u011fitim \u00f6nlemlerini temsil eder ve e\u011fitimde kaliteyi garanti eder. Programlar\u0131 y\u00fcr\u00fcten ki\u015filerden ba\u011f\u0131ms\u0131z olarak s\u00fcrekli iyi hizmetler sunabilmek i\u00e7in a\u015fa\u011f\u0131daki ilkelere ba\u011fl\u0131 kalmay\u0131 taahh\u00fct ediyoruz. Misyon beyan\u0131 kurum i\u00e7inde duyuru panolar\u0131 arac\u0131l\u0131\u011f\u0131yla, kurum d\u0131\u015f\u0131nda ise web sitesi arac\u0131l\u0131\u011f\u0131yla iletilmektedir. [&hellip;]<\/p>\n","protected":false},"author":1,"featured_media":0,"parent":0,"menu_order":0,"comment_status":"closed","ping_status":"closed","template":"","meta":{"_et_pb_use_builder":"on","_et_pb_old_content":"","_et_gb_content_width":""},"yoast_head":"<!-- This site is optimized with the Yoast SEO plugin v20.6 - https:\/\/yoast.com\/wordpress\/plugins\/seo\/ -->\n<title>Misyonumuz - Iuvare nursering campus Germany<\/title>\n<meta name=\"robots\" content=\"index, follow, max-snippet:-1, max-image-preview:large, max-video-preview:-1\" \/>\n<link rel=\"canonical\" href=\"https:\/\/iuvare-campus.com\/tr\/misyonumuz\" \/>\n<meta property=\"og:locale\" content=\"tr_TR\" \/>\n<meta property=\"og:type\" content=\"article\" \/>\n<meta property=\"og:title\" content=\"Misyonumuz - Iuvare nursering campus Germany\" \/>\n<meta property=\"og:description\" content=\"Kurumun misyon beyan\u0131 Iuvare PflegeCampus GmbH Version from 2025\/01\/24 Iuvare PflegeCampus GmbH, talep ve m\u00fc\u015fteri odakl\u0131 e\u011fitim \u00f6nlemlerini temsil eder ve e\u011fitimde kaliteyi garanti eder. Programlar\u0131 y\u00fcr\u00fcten ki\u015filerden ba\u011f\u0131ms\u0131z olarak s\u00fcrekli iyi hizmetler sunabilmek i\u00e7in a\u015fa\u011f\u0131daki ilkelere ba\u011fl\u0131 kalmay\u0131 taahh\u00fct ediyoruz. Misyon beyan\u0131 kurum i\u00e7inde duyuru panolar\u0131 arac\u0131l\u0131\u011f\u0131yla, kurum d\u0131\u015f\u0131nda ise web sitesi arac\u0131l\u0131\u011f\u0131yla iletilmektedir. [&hellip;]\" \/>\n<meta property=\"og:url\" content=\"https:\/\/iuvare-campus.com\/tr\/misyonumuz\" \/>\n<meta property=\"og:site_name\" content=\"Iuvare nursering campus Germany\" \/>\n<meta property=\"article:modified_time\" content=\"2026-03-11T12:21:16+00:00\" \/>\n<meta name=\"twitter:card\" content=\"summary_large_image\" \/>\n<script type=\"application\/ld+json\" class=\"yoast-schema-graph\">{\"@context\":\"https:\/\/schema.org\",\"@graph\":[{\"@type\":\"WebPage\",\"@id\":\"https:\/\/iuvare-campus.com\/tr\/misyonumuz\",\"url\":\"https:\/\/iuvare-campus.com\/tr\/misyonumuz\",\"name\":\"Misyonumuz - Iuvare nursering campus Germany\",\"isPartOf\":{\"@id\":\"https:\/\/iuvare-campus.com\/#website\"},\"datePublished\":\"2024-10-28T08:46:58+00:00\",\"dateModified\":\"2026-03-11T12:21:16+00:00\",\"breadcrumb\":{\"@id\":\"https:\/\/iuvare-campus.com\/tr\/misyonumuz#breadcrumb\"},\"inLanguage\":\"tr\",\"potentialAction\":[{\"@type\":\"ReadAction\",\"target\":[\"https:\/\/iuvare-campus.com\/tr\/misyonumuz\"]}]},{\"@type\":\"BreadcrumbList\",\"@id\":\"https:\/\/iuvare-campus.com\/tr\/misyonumuz#breadcrumb\",\"itemListElement\":[{\"@type\":\"ListItem\",\"position\":1,\"name\":\"Startseite\",\"item\":\"https:\/\/iuvare-campus.com\/\"},{\"@type\":\"ListItem\",\"position\":2,\"name\":\"Misyonumuz\"}]},{\"@type\":\"WebSite\",\"@id\":\"https:\/\/iuvare-campus.com\/#website\",\"url\":\"https:\/\/iuvare-campus.com\/\",\"name\":\"Iuvare nursering campus Germany\",\"description\":\"Career as a general nurse in germany\",\"potentialAction\":[{\"@type\":\"SearchAction\",\"target\":{\"@type\":\"EntryPoint\",\"urlTemplate\":\"https:\/\/iuvare-campus.com\/?s={search_term_string}\"},\"query-input\":\"required name=search_term_string\"}],\"inLanguage\":\"tr\"}]}<\/script>\n<!-- \/ Yoast SEO plugin. -->","yoast_head_json":{"title":"Misyonumuz - Iuvare nursering campus Germany","robots":{"index":"index","follow":"follow","max-snippet":"max-snippet:-1","max-image-preview":"max-image-preview:large","max-video-preview":"max-video-preview:-1"},"canonical":"https:\/\/iuvare-campus.com\/tr\/misyonumuz","og_locale":"tr_TR","og_type":"article","og_title":"Misyonumuz - Iuvare nursering campus Germany","og_description":"Kurumun misyon beyan\u0131 Iuvare PflegeCampus GmbH Version from 2025\/01\/24 Iuvare PflegeCampus GmbH, talep ve m\u00fc\u015fteri odakl\u0131 e\u011fitim \u00f6nlemlerini temsil eder ve e\u011fitimde kaliteyi garanti eder. Programlar\u0131 y\u00fcr\u00fcten ki\u015filerden ba\u011f\u0131ms\u0131z olarak s\u00fcrekli iyi hizmetler sunabilmek i\u00e7in a\u015fa\u011f\u0131daki ilkelere ba\u011fl\u0131 kalmay\u0131 taahh\u00fct ediyoruz. Misyon beyan\u0131 kurum i\u00e7inde duyuru panolar\u0131 arac\u0131l\u0131\u011f\u0131yla, kurum d\u0131\u015f\u0131nda ise web sitesi arac\u0131l\u0131\u011f\u0131yla iletilmektedir. [&hellip;]","og_url":"https:\/\/iuvare-campus.com\/tr\/misyonumuz","og_site_name":"Iuvare nursering campus Germany","article_modified_time":"2026-03-11T12:21:16+00:00","twitter_card":"summary_large_image","schema":{"@context":"https:\/\/schema.org","@graph":[{"@type":"WebPage","@id":"https:\/\/iuvare-campus.com\/tr\/misyonumuz","url":"https:\/\/iuvare-campus.com\/tr\/misyonumuz","name":"Misyonumuz - Iuvare nursering campus Germany","isPartOf":{"@id":"https:\/\/iuvare-campus.com\/#website"},"datePublished":"2024-10-28T08:46:58+00:00","dateModified":"2026-03-11T12:21:16+00:00","breadcrumb":{"@id":"https:\/\/iuvare-campus.com\/tr\/misyonumuz#breadcrumb"},"inLanguage":"tr","potentialAction":[{"@type":"ReadAction","target":["https:\/\/iuvare-campus.com\/tr\/misyonumuz"]}]},{"@type":"BreadcrumbList","@id":"https:\/\/iuvare-campus.com\/tr\/misyonumuz#breadcrumb","itemListElement":[{"@type":"ListItem","position":1,"name":"Startseite","item":"https:\/\/iuvare-campus.com\/"},{"@type":"ListItem","position":2,"name":"Misyonumuz"}]},{"@type":"WebSite","@id":"https:\/\/iuvare-campus.com\/#website","url":"https:\/\/iuvare-campus.com\/","name":"Iuvare nursering campus Germany","description":"Career as a general nurse in germany","potentialAction":[{"@type":"SearchAction","target":{"@type":"EntryPoint","urlTemplate":"https:\/\/iuvare-campus.com\/?s={search_term_string}"},"query-input":"required name=search_term_string"}],"inLanguage":"tr"}]}},"_links":{"self":[{"href":"https:\/\/iuvare-campus.com\/tr\/wp-json\/wp\/v2\/pages\/4464"}],"collection":[{"href":"https:\/\/iuvare-campus.com\/tr\/wp-json\/wp\/v2\/pages"}],"about":[{"href":"https:\/\/iuvare-campus.com\/tr\/wp-json\/wp\/v2\/types\/page"}],"author":[{"embeddable":true,"href":"https:\/\/iuvare-campus.com\/tr\/wp-json\/wp\/v2\/users\/1"}],"replies":[{"embeddable":true,"href":"https:\/\/iuvare-campus.com\/tr\/wp-json\/wp\/v2\/comments?post=4464"}],"version-history":[{"count":7,"href":"https:\/\/iuvare-campus.com\/tr\/wp-json\/wp\/v2\/pages\/4464\/revisions"}],"predecessor-version":[{"id":4737,"href":"https:\/\/iuvare-campus.com\/tr\/wp-json\/wp\/v2\/pages\/4464\/revisions\/4737"}],"wp:attachment":[{"href":"https:\/\/iuvare-campus.com\/tr\/wp-json\/wp\/v2\/media?parent=4464"}],"curies":[{"name":"wp","href":"https:\/\/api.w.org\/{rel}","templated":true}]}}